{"id":1453,"date":"2023-10-03T17:42:27","date_gmt":"2023-10-03T20:42:27","guid":{"rendered":"https:\/\/hferreteria.cl\/?post_type=product&#038;p=1453"},"modified":"2023-10-03T17:42:27","modified_gmt":"2023-10-03T20:42:27","slug":"cloro-tabletas-triple-accion","status":"publish","type":"product","link":"https:\/\/hferreteria.cl\/?product=cloro-tabletas-triple-accion","title":{"rendered":"Cloro Tabletas Triple Acci\u00f3n"},"content":{"rendered":"<p>Tableta triple acci\u00f3n cloro +\u00a0clarificante + alguicida.<\/p>\n<p>Cloro para piscinas, eficaz bactericida al hidrolizarse, de alto poder desinfectante, de disoluci\u00f3n lenta.<\/p>\n<p><strong>USO<\/strong><\/p>\n<p>En una\u00a0 boya dosificadora, poner 1 tableta por cada 20 m3 de agua, una vez por semana.<\/p>\n<p><strong>CONSIDERACI\u00d3N<\/strong><\/p>\n<ul>\n<li>Regular el Ph del agua entre 7,2 y 7,6 y mantener el nivel del cloro residual no menor a 1,5 ppm<\/li>\n<li>Elemento activo: \u00c1cido Tricloroisocian\u00farico, sulfato de cobre, sulfato de aluminio.<\/li>\n<li>Composici\u00f3n: \u00c1cido Tricloroisocian\u00farico 96.7% &#8211; sulfato de cobre 0.3% &#8211; sulfato de aluminio 3%.<\/li>\n<\/ul>\n<p>Presentaci\u00f3n: Tarro de 1 Kg &#8211; 5 tabletas.<\/p>\n","protected":false},"excerpt":{"rendered":"<p>Tableta triple acci\u00f3n (cloro + decantador + alguicida)<\/p>\n","protected":false},"featured_media":1454,"comment_status":"open","ping_status":"closed","template":"","meta":{"site-sidebar-layout":"default","site-content-layout":"default","ast-global-header-display":"","ast-main-header-display":"","ast-hfb-above-header-display":"","ast-hfb-below-header-display":"","ast-hfb-mobile-header-display":"","site-post-title":"","ast-breadcrumbs-content":"","ast-featured-img":"","footer-sml-layout":"","theme-transparent-header-meta":"default","adv-header-id-meta":"","stick-header-meta":"","header-above-stick-meta":"","header-main-stick-meta":"","header-below-stick-meta":"","_joinchat":[]},"product_brand":[],"product_cat":[26,30],"product_tag":[],"class_list":{"0":"post-1453","1":"product","2":"type-product","3":"status-publish","4":"has-post-thumbnail","6":"product_cat-hferreteria","7":"product_cat-insumos-de-piscinas","8":"desktop-align-left","9":"tablet-align-left","10":"mobile-align-left","12":"first","13":"instock","14":"shipping-taxable","15":"purchasable","16":"product-type-simple"},"_links":{"self":[{"href":"https:\/\/hferreteria.cl\/index.php?rest_route=\/wp\/v2\/product\/1453","targetHints":{"allow":["GET"]}}],"collection":[{"href":"https:\/\/hferreteria.cl\/index.php?rest_route=\/wp\/v2\/product"}],"about":[{"href":"https:\/\/hferreteria.cl\/index.php?rest_route=\/wp\/v2\/types\/product"}],"replies":[{"embeddable":true,"href":"https:\/\/hferreteria.cl\/index.php?rest_route=%2Fwp%2Fv2%2Fcomments&post=1453"}],"wp:featuredmedia":[{"embeddable":true,"href":"https:\/\/hferreteria.cl\/index.php?rest_route=\/wp\/v2\/media\/1454"}],"wp:attachment":[{"href":"https:\/\/hferreteria.cl\/index.php?rest_route=%2Fwp%2Fv2%2Fmedia&parent=1453"}],"wp:term":[{"taxonomy":"product_brand","embeddable":true,"href":"https:\/\/hferreteria.cl\/index.php?rest_route=%2Fwp%2Fv2%2Fproduct_brand&post=1453"},{"taxonomy":"product_cat","embeddable":true,"href":"https:\/\/hferreteria.cl\/index.php?rest_route=%2Fwp%2Fv2%2Fproduct_cat&post=1453"},{"taxonomy":"product_tag","embeddable":true,"href":"https:\/\/hferreteria.cl\/index.php?rest_route=%2Fwp%2Fv2%2Fproduct_tag&post=1453"}],"curies":[{"name":"wp","href":"https:\/\/api.w.org\/{rel}","templated":true}]}}