{"id":1457,"date":"2023-10-03T17:53:59","date_gmt":"2023-10-03T20:53:59","guid":{"rendered":"https:\/\/hferreteria.cl\/?post_type=product&#038;p=1457"},"modified":"2023-10-03T17:57:35","modified_gmt":"2023-10-03T20:57:35","slug":"cloro-granulado-1-kilo-60","status":"publish","type":"product","link":"https:\/\/hferreteria.cl\/?product=cloro-granulado-1-kilo-60","title":{"rendered":"Cloro granulado 1 kilo 60%"},"content":{"rendered":"<p><strong>Cloro Granulado Vulcano para piscinas<br \/>\n<\/strong><\/p>\n<ul>\n<li>Marca: Vulcano.<\/li>\n<li>Elemento activo: \u00c1cido dicloro isocianurato.<\/li>\n<li>Composici\u00f3n: \u00c1cido dicloro isocianurato 60%.<\/li>\n<li>Disoluci\u00f3n: R\u00e1pida.<\/li>\n<li>Presentaci\u00f3n: 1 kilo.<\/li>\n<\/ul>\n","protected":false},"excerpt":{"rendered":"<p>Cloro Granulado concentraci\u00f3n del 60%, de disoluci\u00f3n r\u00e1pida de 1 kg.<\/p>\n","protected":false},"featured_media":1458,"comment_status":"open","ping_status":"closed","template":"","meta":{"site-sidebar-layout":"default","site-content-layout":"default","ast-global-header-display":"","ast-main-header-display":"","ast-hfb-above-header-display":"","ast-hfb-below-header-display":"","ast-hfb-mobile-header-display":"","site-post-title":"","ast-breadcrumbs-content":"","ast-featured-img":"","footer-sml-layout":"","theme-transparent-header-meta":"default","adv-header-id-meta":"","stick-header-meta":"","header-above-stick-meta":"","header-main-stick-meta":"","header-below-stick-meta":"","_joinchat":[]},"product_brand":[],"product_cat":[26,30],"product_tag":[],"class_list":{"0":"post-1457","1":"product","2":"type-product","3":"status-publish","4":"has-post-thumbnail","6":"product_cat-hferreteria","7":"product_cat-insumos-de-piscinas","8":"desktop-align-left","9":"tablet-align-left","10":"mobile-align-left","12":"first","13":"instock","14":"shipping-taxable","15":"purchasable","16":"product-type-simple"},"_links":{"self":[{"href":"https:\/\/hferreteria.cl\/index.php?rest_route=\/wp\/v2\/product\/1457","targetHints":{"allow":["GET"]}}],"collection":[{"href":"https:\/\/hferreteria.cl\/index.php?rest_route=\/wp\/v2\/product"}],"about":[{"href":"https:\/\/hferreteria.cl\/index.php?rest_route=\/wp\/v2\/types\/product"}],"replies":[{"embeddable":true,"href":"https:\/\/hferreteria.cl\/index.php?rest_route=%2Fwp%2Fv2%2Fcomments&post=1457"}],"wp:featuredmedia":[{"embeddable":true,"href":"https:\/\/hferreteria.cl\/index.php?rest_route=\/wp\/v2\/media\/1458"}],"wp:attachment":[{"href":"https:\/\/hferreteria.cl\/index.php?rest_route=%2Fwp%2Fv2%2Fmedia&parent=1457"}],"wp:term":[{"taxonomy":"product_brand","embeddable":true,"href":"https:\/\/hferreteria.cl\/index.php?rest_route=%2Fwp%2Fv2%2Fproduct_brand&post=1457"},{"taxonomy":"product_cat","embeddable":true,"href":"https:\/\/hferreteria.cl\/index.php?rest_route=%2Fwp%2Fv2%2Fproduct_cat&post=1457"},{"taxonomy":"product_tag","embeddable":true,"href":"https:\/\/hferreteria.cl\/index.php?rest_route=%2Fwp%2Fv2%2Fproduct_tag&post=1457"}],"curies":[{"name":"wp","href":"https:\/\/api.w.org\/{rel}","templated":true}]}}