{"id":1467,"date":"2023-10-03T23:57:28","date_gmt":"2023-10-04T02:57:28","guid":{"rendered":"https:\/\/hferreteria.cl\/?post_type=product&#038;p=1467"},"modified":"2023-10-04T00:02:47","modified_gmt":"2023-10-04T03:02:47","slug":"cloro-triple-accion-multifuncional","status":"publish","type":"product","link":"https:\/\/hferreteria.cl\/?product=cloro-triple-accion-multifuncional","title":{"rendered":"Cloro Triple Acci\u00f3n Multifuncional"},"content":{"rendered":"<p class=\"fusion-woocommerce-tab-title fusion-responsive-typography-calculated\" data-fontsize=\"18\" data-lineheight=\"25.2px\">Descripci\u00f3n<\/p>\n<p>Cloro multifuncional, o tambi\u00e9n llamado de triple acci\u00f3n: cloraci\u00f3n, prevenci\u00f3n de algas y tratamiento floculante.<br \/>\nEn pastillas para colocar en los\u00a0<strong><a href=\"https:\/\/www.mi-fontaneria.es\/blog\/funcion-del-skimmer-en-la-piscina\/\" target=\"_blank\" rel=\"noopener\">skimmers<\/a>\u00a0<\/strong>y mantener el agua de la piscina limpia y transparente.<\/p>\n<p class=\"yikes-custom-woo-tab-title yikes-custom-woo-tab-title-para-que-se-usa fusion-responsive-typography-calculated\" data-fontsize=\"24\" data-lineheight=\"28.8px\">Para qu\u00e9 se usa<\/p>\n<p>El cloro multifuncional se usa para la cloraci\u00f3n, prevenci\u00f3n de algas, tratamiento floculante.<\/p>\n<p class=\"yikes-custom-woo-tab-title yikes-custom-woo-tab-title-como-se-usa fusion-responsive-typography-calculated\" data-lineheight=\"28.8px\" data-fontsize=\"24\">C\u00f3mo se usa<\/p>\n<p>Tratamiento inicial<\/p>\n<p>A\u00f1adir\u00a0 200g por 25 m\u00b3 de agua o 250g por 30 m\u00b3 de agua.\u00a0Al cabo de 2 horas, ajustar el pH del agua entre 7,2 y\u00a07,6 utilizando el\u00a0<strong>baja<\/strong>\u00a0o\u00a0<strong>sube<\/strong>\u00a0de pH. Dideval.<\/p>\n<p>Tratamiento de mantenimiento<\/p>\n<p>Una vez el pH del agua correctamente ajustado,\u00a0a\u00f1adir una nueva dosis de Cloro Multiacci\u00f3n.<\/p>\n","protected":false},"excerpt":{"rendered":"<p class=\"product-title\">Cloro Triple Acci\u00f3n Multifuncional 1 Kilo &#8211; Dideval<\/p>\n","protected":false},"featured_media":1468,"comment_status":"open","ping_status":"closed","template":"","meta":{"site-sidebar-layout":"default","site-content-layout":"default","ast-global-header-display":"","ast-main-header-display":"","ast-hfb-above-header-display":"","ast-hfb-below-header-display":"","ast-hfb-mobile-header-display":"","site-post-title":"","ast-breadcrumbs-content":"","ast-featured-img":"","footer-sml-layout":"","theme-transparent-header-meta":"default","adv-header-id-meta":"","stick-header-meta":"","header-above-stick-meta":"","header-main-stick-meta":"","header-below-stick-meta":"","_joinchat":[]},"product_brand":[],"product_cat":[26,30],"product_tag":[],"class_list":{"0":"post-1467","1":"product","2":"type-product","3":"status-publish","4":"has-post-thumbnail","6":"product_cat-hferreteria","7":"product_cat-insumos-de-piscinas","8":"desktop-align-left","9":"tablet-align-left","10":"mobile-align-left","12":"first","13":"instock","14":"shipping-taxable","15":"purchasable","16":"product-type-simple"},"_links":{"self":[{"href":"https:\/\/hferreteria.cl\/index.php?rest_route=\/wp\/v2\/product\/1467","targetHints":{"allow":["GET"]}}],"collection":[{"href":"https:\/\/hferreteria.cl\/index.php?rest_route=\/wp\/v2\/product"}],"about":[{"href":"https:\/\/hferreteria.cl\/index.php?rest_route=\/wp\/v2\/types\/product"}],"replies":[{"embeddable":true,"href":"https:\/\/hferreteria.cl\/index.php?rest_route=%2Fwp%2Fv2%2Fcomments&post=1467"}],"wp:featuredmedia":[{"embeddable":true,"href":"https:\/\/hferreteria.cl\/index.php?rest_route=\/wp\/v2\/media\/1468"}],"wp:attachment":[{"href":"https:\/\/hferreteria.cl\/index.php?rest_route=%2Fwp%2Fv2%2Fmedia&parent=1467"}],"wp:term":[{"taxonomy":"product_brand","embeddable":true,"href":"https:\/\/hferreteria.cl\/index.php?rest_route=%2Fwp%2Fv2%2Fproduct_brand&post=1467"},{"taxonomy":"product_cat","embeddable":true,"href":"https:\/\/hferreteria.cl\/index.php?rest_route=%2Fwp%2Fv2%2Fproduct_cat&post=1467"},{"taxonomy":"product_tag","embeddable":true,"href":"https:\/\/hferreteria.cl\/index.php?rest_route=%2Fwp%2Fv2%2Fproduct_tag&post=1467"}],"curies":[{"name":"wp","href":"https:\/\/api.w.org\/{rel}","templated":true}]}}