{"id":1473,"date":"2023-10-04T00:18:23","date_gmt":"2023-10-04T03:18:23","guid":{"rendered":"https:\/\/hferreteria.cl\/?post_type=product&#038;p=1473"},"modified":"2023-10-04T00:20:25","modified_gmt":"2023-10-04T03:20:25","slug":"alguicida-piscina-5-litros-2","status":"publish","type":"product","link":"https:\/\/hferreteria.cl\/?product=alguicida-piscina-5-litros-2","title":{"rendered":"Alguicida Piscina 5 Litros"},"content":{"rendered":"<p><strong>ALGICIDA DIDEVAL<\/strong>, se utiliza para el\u00a0<strong><a href=\"https:\/\/www.vadequimica.com\/blog\/2017\/06\/mantenimiento-de-piscinas\/\" target=\"_blank\" rel=\"noopener\">tratamiento de aguas de piscinas<\/a><\/strong>\u00a0impidiendo y controlando la aparici\u00f3n de algas y musgos, tambi\u00e9n es recomendable su uso en las superficies alrededor de la piscina que sean propensas al crecimiento de algas, as\u00ed evitaras accidentes al resbalarse.<\/p>\n<p>\u2013 Evita el desarrollo y la formaci\u00f3n de algas en el agua de la piscina. (Es normal que en este proceso haga espuma).<\/p>\n<h2 class=\"yikes-custom-woo-tab-title yikes-custom-woo-tab-title-para-que-se-usa fusion-responsive-typography-calculated\" data-fontsize=\"24\" data-lineheight=\"28.8px\">Para qu\u00e9 se usa<\/h2>\n<p>Algicida Dideval, evita el desarrollo y la formaci\u00f3n de algas en el agua de la piscina. (Es normal que en este proceso haga espuma).<br \/>\n\u2013 Mantiene la limpieza y salud de la piscina.<br \/>\n\u2013 Crea una pel\u00edcula protectora con acci\u00f3n desinfectante.<br \/>\n\u2013 Evitar resbalones en superficies propensas al crecimiento de algas alrededor<br \/>\nde la piscina.<\/p>\n","protected":false},"excerpt":{"rendered":"<p class=\"product-title\">Alguicida Piscina 5 Litros &#8211; Dideval<\/p>\n","protected":false},"featured_media":1474,"comment_status":"open","ping_status":"closed","template":"","meta":{"site-sidebar-layout":"default","site-content-layout":"default","ast-global-header-display":"","ast-main-header-display":"","ast-hfb-above-header-display":"","ast-hfb-below-header-display":"","ast-hfb-mobile-header-display":"","site-post-title":"","ast-breadcrumbs-content":"","ast-featured-img":"","footer-sml-layout":"","theme-transparent-header-meta":"default","adv-header-id-meta":"","stick-header-meta":"","header-above-stick-meta":"","header-main-stick-meta":"","header-below-stick-meta":"","_joinchat":[]},"product_brand":[],"product_cat":[26,30],"product_tag":[],"class_list":{"0":"post-1473","1":"product","2":"type-product","3":"status-publish","4":"has-post-thumbnail","6":"product_cat-hferreteria","7":"product_cat-insumos-de-piscinas","8":"desktop-align-left","9":"tablet-align-left","10":"mobile-align-left","12":"first","13":"instock","14":"shipping-taxable","15":"purchasable","16":"product-type-simple"},"_links":{"self":[{"href":"https:\/\/hferreteria.cl\/index.php?rest_route=\/wp\/v2\/product\/1473","targetHints":{"allow":["GET"]}}],"collection":[{"href":"https:\/\/hferreteria.cl\/index.php?rest_route=\/wp\/v2\/product"}],"about":[{"href":"https:\/\/hferreteria.cl\/index.php?rest_route=\/wp\/v2\/types\/product"}],"replies":[{"embeddable":true,"href":"https:\/\/hferreteria.cl\/index.php?rest_route=%2Fwp%2Fv2%2Fcomments&post=1473"}],"wp:featuredmedia":[{"embeddable":true,"href":"https:\/\/hferreteria.cl\/index.php?rest_route=\/wp\/v2\/media\/1474"}],"wp:attachment":[{"href":"https:\/\/hferreteria.cl\/index.php?rest_route=%2Fwp%2Fv2%2Fmedia&parent=1473"}],"wp:term":[{"taxonomy":"product_brand","embeddable":true,"href":"https:\/\/hferreteria.cl\/index.php?rest_route=%2Fwp%2Fv2%2Fproduct_brand&post=1473"},{"taxonomy":"product_cat","embeddable":true,"href":"https:\/\/hferreteria.cl\/index.php?rest_route=%2Fwp%2Fv2%2Fproduct_cat&post=1473"},{"taxonomy":"product_tag","embeddable":true,"href":"https:\/\/hferreteria.cl\/index.php?rest_route=%2Fwp%2Fv2%2Fproduct_tag&post=1473"}],"curies":[{"name":"wp","href":"https:\/\/api.w.org\/{rel}","templated":true}]}}